{"id":1097,"date":"2026-04-13T06:56:08","date_gmt":"2026-04-13T09:56:08","guid":{"rendered":"https:\/\/www.coreconpr.gov.br\/premioparana\/?page_id=1097"},"modified":"2026-04-13T07:06:26","modified_gmt":"2026-04-13T10:06:26","slug":"sobre-o-premio","status":"publish","type":"page","link":"https:\/\/www.coreconpr.gov.br\/premioparana\/sobre-o-premio\/","title":{"rendered":"Sobre o Pr\u00eamio"},"content":{"rendered":"\t\t<div data-elementor-type=\"wp-page\" data-elementor-id=\"1097\" class=\"elementor elementor-1097\">\n\t\t\t\t\t\t<section class=\"penci-section penci-dmcheck penci-elbg-activate penci-elbg-img penci-disSticky penci-structure-10 elementor-section elementor-top-section elementor-element elementor-element-e7b5a75 elementor-section-boxed elementor-section-height-default elementor-section-height-default\" data-id=\"e7b5a75\" data-element_type=\"section\" data-e-type=\"section\" data-settings=\"{&quot;background_background&quot;:&quot;classic&quot;}\">\n\t\t\t\t\t\t\t<div class=\"elementor-background-overlay\"><\/div>\n\t\t\t\t\t\t\t<div class=\"elementor-container elementor-column-gap-no\">\n\t\t\t\t\t<div class=\"penci-ercol-100 penci-ercol-order-1 penci-sticky-ct    elementor-column elementor-col-100 elementor-top-column elementor-element elementor-element-c0ba2b2\" data-id=\"c0ba2b2\" data-element_type=\"column\" data-e-type=\"column\">\n\t\t\t<div class=\"elementor-widget-wrap elementor-element-populated\">\n\t\t\t\t\t\t<div class=\"elementor-element elementor-element-6e80a331 elementor-widget elementor-widget-penci-fancy_heading\" data-id=\"6e80a331\" data-element_type=\"widget\" data-e-type=\"widget\" data-widget_type=\"penci-fancy_heading.default\">\n\t\t\t\t<div class=\"elementor-widget-container\">\n\t\t\t\t\t\t\t<div class=\"penci-fancy-heading penci-heading-text-left\">\n\t\t\t<div class=\"penci-fancy-heading-inner\">\n\t\t\t\t<div class=\"penci-heading-subtitle\">\n PR\u00caMIO FRANCISCO MAGALH\u00c3ES DE ECONOMIA<\/div><h2 class=\"penci-heading-title\"><span class=\"inner-tit\">Sobre o Pr\u00eamio<\/span><\/h2>\t\t\t<\/div>\n\t\t<\/div>\n\t\t\t\t\t\t<\/div>\n\t\t\t\t<\/div>\n\t\t\t\t\t<\/div>\n\t\t<\/div>\n\t\t\t\t\t<\/div>\n\t\t<\/section>\n\t\t\t\t<section class=\"penci-section penci-dmcheck penci-elbg-activate penci-disSticky penci-structure-20 elementor-section elementor-top-section elementor-element elementor-element-c03824f elementor-section-content-middle elementor-section-boxed elementor-section-height-default elementor-section-height-default\" data-id=\"c03824f\" data-element_type=\"section\" data-e-type=\"section\" data-settings=\"{&quot;background_background&quot;:&quot;classic&quot;}\">\n\t\t\t\t\t\t<div class=\"elementor-container elementor-column-gap-no\">\n\t\t\t\t\t<div class=\"penci-ercol-50 penci-ercol-order-1 penci-sticky-ct  penci-dmcheck penci-elbg-activate  elementor-column elementor-col-50 elementor-top-column elementor-element elementor-element-c0f00a7\" data-id=\"c0f00a7\" data-element_type=\"column\" data-e-type=\"column\" data-settings=\"{&quot;background_background&quot;:&quot;slideshow&quot;,&quot;background_slideshow_gallery&quot;:[],&quot;background_slideshow_loop&quot;:&quot;yes&quot;,&quot;background_slideshow_slide_duration&quot;:5000,&quot;background_slideshow_slide_transition&quot;:&quot;fade&quot;,&quot;background_slideshow_transition_duration&quot;:500}\">\n\t\t\t<div class=\"elementor-widget-wrap elementor-element-populated\">\n\t\t\t\t\t\t<div class=\"elementor-element elementor-element-e87e164 elementor-widget elementor-widget-image\" data-id=\"e87e164\" data-element_type=\"widget\" data-e-type=\"widget\" data-widget_type=\"image.default\">\n\t\t\t\t\t\t\t\t\t\t\t\t\t\t\t<img fetchpriority=\"high\" decoding=\"async\" width=\"800\" height=\"533\" src=\"https:\/\/www.coreconpr.gov.br\/premioparana\/wp-content\/uploads\/2026\/04\/meio-abril-800.jpeg\" class=\"attachment-large size-large wp-image-1100\" alt=\"\" srcset=\"https:\/\/www.coreconpr.gov.br\/premioparana\/wp-content\/uploads\/2026\/04\/meio-abril-800.jpeg 800w, https:\/\/www.coreconpr.gov.br\/premioparana\/wp-content\/uploads\/2026\/04\/meio-abril-800-300x200.jpeg 300w, https:\/\/www.coreconpr.gov.br\/premioparana\/wp-content\/uploads\/2026\/04\/meio-abril-800-768x512.jpeg 768w, https:\/\/www.coreconpr.gov.br\/premioparana\/wp-content\/uploads\/2026\/04\/meio-abril-800-585x390.jpeg 585w, https:\/\/www.coreconpr.gov.br\/premioparana\/wp-content\/uploads\/2026\/04\/meio-abril-800-263x175.jpeg 263w\" sizes=\"(max-width: 800px) 100vw, 800px\" \/>\t\t\t\t\t\t\t\t\t\t\t\t\t\t\t<\/div>\n\t\t\t\t\t<\/div>\n\t\t<\/div>\n\t\t\t\t<div class=\"penci-ercol-50 penci-ercol-order-2 penci-sticky-ct    elementor-column elementor-col-50 elementor-top-column elementor-element elementor-element-40adf63\" data-id=\"40adf63\" data-element_type=\"column\" data-e-type=\"column\">\n\t\t\t<div class=\"elementor-widget-wrap elementor-element-populated\">\n\t\t\t\t\t\t<div class=\"elementor-element elementor-element-3d2208a elementor-widget elementor-widget-text-editor\" data-id=\"3d2208a\" data-element_type=\"widget\" data-e-type=\"widget\" data-widget_type=\"text-editor.default\">\n\t\t\t\t\t\t\t\t\t<p style=\"font-weight: 400;\">O\u00a0<strong>Pr\u00eamio Paran\u00e1 de Economia Francisco Magalh\u00e3es<\/strong>\u00a0\u00e9 uma iniciativa do Conselho Regional de Economia do Paran\u00e1 (CoreconPR) que tem como objetivo reconhecer e valorizar a excel\u00eancia acad\u00eamica na forma\u00e7\u00e3o de economistas no estado.<\/p><p style=\"font-weight: 400;\">\u00a0<\/p><p style=\"font-weight: 400;\">O concurso \u00e9 voltado a\u00a0<strong>Monografias e Trabalhos de Conclus\u00e3o de Curso (TCC)<\/strong>\u00a0dos cursos de gradua\u00e7\u00e3o em Ci\u00eancias Econ\u00f4micas, sendo estruturado em duas modalidades:<\/p><ol style=\"font-weight: 400;\"><li><strong>Economia Paranaense<\/strong><\/li><\/ol><ol style=\"font-weight: 400;\"><li><strong>Economia Pura e Aplicada<\/strong><\/li><\/ol><p style=\"font-weight: 400;\">\u00a0<\/p><p style=\"font-weight: 400;\">A premia\u00e7\u00e3o busca\u00a0<strong>estimular a produ\u00e7\u00e3o cient\u00edfica de alto n\u00edvel<\/strong>, incentivar a reflex\u00e3o qualificada sobre temas relevantes para a economia e promover a divulga\u00e7\u00e3o de estudos que contribuam para o desenvolvimento econ\u00f4mico e social do Paran\u00e1.<\/p><p style=\"font-weight: 400;\">\u00a0<\/p><p style=\"font-weight: 400;\">Em cada edi\u00e7\u00e3o, s\u00e3o premiados os\u00a0<strong>cinco melhores trabalhos em cada modalidade<\/strong>, em parceria com as Institui\u00e7\u00f5es de Ensino Superior (IES) do estado, fortalecendo o v\u00ednculo entre o meio acad\u00eamico e o Sistema Cofecon\/Corecons.<\/p><p style=\"font-weight: 400;\">\u00a0<\/p><p style=\"font-weight: 400;\">A partir da\u00a0<strong>36\u00aa edi\u00e7\u00e3o<\/strong>, o pr\u00eamio passou a denominar-se\u00a0<strong>Pr\u00eamio Paran\u00e1 de Economia Francisco Magalh\u00e3es<\/strong>, em homenagem ao\u00a0<strong>Prof. Francisco B. B. Magalh\u00e3es Filho<\/strong>, reconhecido por sua relevante produ\u00e7\u00e3o intelectual, contribui\u00e7\u00e3o para o desenvolvimento econ\u00f4mico do Paran\u00e1 e importante atua\u00e7\u00e3o na consolida\u00e7\u00e3o de institui\u00e7\u00f5es e do Sistema Cofecon\/Corecons.<\/p><p style=\"font-weight: 400;\">\u00a0<\/p><p style=\"font-weight: 400;\">O\u00a0<strong>Pr\u00eamio Paran\u00e1 de Economia Francisco Magalh\u00e3es<\/strong>\u00a0reconhece os melhores trabalhos acad\u00eamicos com\u00a0<strong>premia\u00e7\u00e3o em dinheiro e certifica\u00e7\u00e3o oficial<\/strong>, valorizando o esfor\u00e7o e a excel\u00eancia dos participantes.<\/p><p style=\"font-weight: 400;\"><strong>\u00a0<\/strong><\/p><p style=\"font-weight: 400;\"><strong>Economia Paranaense<\/strong><\/p><p style=\"font-weight: 400;\"><strong>1\u00ba Lugar:\u00a0<\/strong>Diploma +\u00a0<strong>R$ 3.000,00<\/strong><\/p><p style=\"font-weight: 400;\"><strong>2\u00ba Lugar:\u00a0<\/strong>Diploma +\u00a0<strong>R$ 2.000,00<\/strong><\/p><p style=\"font-weight: 400;\"><strong>3\u00ba Lugar:\u00a0<\/strong>Diploma +\u00a0<strong>R$ 1.500,00<\/strong><\/p><p style=\"font-weight: 400;\"><strong>4\u00ba e 5\u00ba Lugares:\u00a0<\/strong>Diploma de Men\u00e7\u00e3o Honrosa<\/p><p style=\"font-weight: 400;\">\u00a0<\/p><p style=\"font-weight: 400;\"><strong>Economia Pura e Aplicada<\/strong><\/p><p style=\"font-weight: 400;\"><strong>1\u00ba Lugar:\u00a0<\/strong>Diploma +\u00a0<strong>R$ 3.000,00<\/strong><\/p><p style=\"font-weight: 400;\"><strong>2\u00ba Lugar:\u00a0<\/strong>Diploma +\u00a0<strong>R$ 2.000,00<\/strong><\/p><p style=\"font-weight: 400;\"><strong>3\u00ba Lugar:\u00a0<\/strong>Diploma +\u00a0<strong>R$ 1.500,00<\/strong><\/p><p style=\"font-weight: 400;\"><strong>4\u00ba e 5\u00ba Lugares:\u00a0<\/strong>Diploma de Men\u00e7\u00e3o Honrosa<\/p>\t\t\t\t\t\t\t\t<\/div>\n\t\t\t\t\t<\/div>\n\t\t<\/div>\n\t\t\t\t\t<\/div>\n\t\t<\/section>\n\t\t\t\t<\/div>\n\t\t","protected":false},"excerpt":{"rendered":"<p>PR\u00caMIO FRANCISCO MAGALH\u00c3ES DE ECONOMIA Sobre o Pr\u00eamio O\u00a0Pr\u00eamio Paran\u00e1 de Economia Francisco Magalh\u00e3es\u00a0\u00e9 uma iniciativa do Conselho Regional de Economia do Paran\u00e1 (CoreconPR) que tem como objetivo reconhecer e&hellip;<\/p>\n","protected":false},"author":1,"featured_media":0,"parent":0,"menu_order":0,"comment_status":"closed","ping_status":"closed","template":"page-fullwidth.php","meta":{"_monsterinsights_skip_tracking":false,"_monsterinsights_sitenote_active":false,"_monsterinsights_sitenote_note":"","_monsterinsights_sitenote_category":0,"_lmt_disableupdate":"","_lmt_disable":"","footnotes":""},"class_list":["post-1097","page","type-page","status-publish","hentry"],"aioseo_notices":[],"_links":{"self":[{"href":"https:\/\/www.coreconpr.gov.br\/premioparana\/wp-json\/wp\/v2\/pages\/1097","targetHints":{"allow":["GET"]}}],"collection":[{"href":"https:\/\/www.coreconpr.gov.br\/premioparana\/wp-json\/wp\/v2\/pages"}],"about":[{"href":"https:\/\/www.coreconpr.gov.br\/premioparana\/wp-json\/wp\/v2\/types\/page"}],"author":[{"embeddable":true,"href":"https:\/\/www.coreconpr.gov.br\/premioparana\/wp-json\/wp\/v2\/users\/1"}],"replies":[{"embeddable":true,"href":"https:\/\/www.coreconpr.gov.br\/premioparana\/wp-json\/wp\/v2\/comments?post=1097"}],"version-history":[{"count":19,"href":"https:\/\/www.coreconpr.gov.br\/premioparana\/wp-json\/wp\/v2\/pages\/1097\/revisions"}],"predecessor-version":[{"id":1122,"href":"https:\/\/www.coreconpr.gov.br\/premioparana\/wp-json\/wp\/v2\/pages\/1097\/revisions\/1122"}],"wp:attachment":[{"href":"https:\/\/www.coreconpr.gov.br\/premioparana\/wp-json\/wp\/v2\/media?parent=1097"}],"curies":[{"name":"wp","href":"https:\/\/api.w.org\/{rel}","templated":true}]}}