{"id":1358,"date":"2026-04-14T13:16:38","date_gmt":"2026-04-14T16:16:38","guid":{"rendered":"https:\/\/www.coreconpr.gov.br\/premioparana\/?page_id=1358"},"modified":"2026-04-14T13:19:56","modified_gmt":"2026-04-14T16:19:56","slug":"noticias","status":"publish","type":"page","link":"https:\/\/www.coreconpr.gov.br\/premioparana\/noticias\/","title":{"rendered":"Not\u00edcias"},"content":{"rendered":"\t\t<div data-elementor-type=\"wp-page\" data-elementor-id=\"1358\" class=\"elementor elementor-1358\">\n\t\t\t\t\t\t<section class=\"penci-section penci-dmcheck penci-elbg-activate penci-elbg-img penci-disSticky penci-structure-10 elementor-section elementor-top-section elementor-element elementor-element-e7b5a75 elementor-section-boxed elementor-section-height-default elementor-section-height-default\" data-id=\"e7b5a75\" data-element_type=\"section\" data-e-type=\"section\" data-settings=\"{&quot;background_background&quot;:&quot;classic&quot;}\">\n\t\t\t\t\t\t\t<div class=\"elementor-background-overlay\"><\/div>\n\t\t\t\t\t\t\t<div class=\"elementor-container elementor-column-gap-no\">\n\t\t\t\t\t<div class=\"penci-ercol-100 penci-ercol-order-1 penci-sticky-ct    elementor-column elementor-col-100 elementor-top-column elementor-element elementor-element-c0ba2b2\" data-id=\"c0ba2b2\" data-element_type=\"column\" data-e-type=\"column\">\n\t\t\t<div class=\"elementor-widget-wrap elementor-element-populated\">\n\t\t\t\t\t\t<div class=\"elementor-element elementor-element-6e80a331 elementor-widget elementor-widget-penci-fancy_heading\" data-id=\"6e80a331\" data-element_type=\"widget\" data-e-type=\"widget\" data-widget_type=\"penci-fancy_heading.default\">\n\t\t\t\t<div class=\"elementor-widget-container\">\n\t\t\t\t\t\t\t<div class=\"penci-fancy-heading penci-heading-text-left\">\n\t\t\t<div class=\"penci-fancy-heading-inner\">\n\t\t\t\t<div class=\"penci-heading-subtitle\">\n PR\u00caMIO FRANCISCO MAGALH\u00c3ES DE ECONOMIA<\/div><h2 class=\"penci-heading-title\"><span class=\"inner-tit\">Not\u00edcias<\/span><\/h2>\t\t\t<\/div>\n\t\t<\/div>\n\t\t\t\t\t\t<\/div>\n\t\t\t\t<\/div>\n\t\t\t\t\t<\/div>\n\t\t<\/div>\n\t\t\t\t\t<\/div>\n\t\t<\/section>\n\t\t\t\t<section class=\"penci-section penci-dmcheck penci-elbg-activate penci-disSticky penci-structure-10 elementor-section elementor-top-section elementor-element elementor-element-c03824f elementor-section-content-middle elementor-section-boxed elementor-section-height-default elementor-section-height-default\" data-id=\"c03824f\" data-element_type=\"section\" data-e-type=\"section\" data-settings=\"{&quot;background_background&quot;:&quot;classic&quot;}\">\n\t\t\t\t\t\t<div class=\"elementor-container elementor-column-gap-no\">\n\t\t\t\t\t<div class=\"penci-ercol-100 penci-ercol-order-1 penci-sticky-ct    elementor-column elementor-col-100 elementor-top-column elementor-element elementor-element-40adf63\" data-id=\"40adf63\" data-element_type=\"column\" data-e-type=\"column\">\n\t\t\t<div class=\"elementor-widget-wrap elementor-element-populated\">\n\t\t\t\t\t\t<div class=\"elementor-element elementor-element-d7f29c2 elementor-widget elementor-widget-penci-big-grid\" data-id=\"d7f29c2\" data-element_type=\"widget\" data-e-type=\"widget\" data-widget_type=\"penci-big-grid.default\">\n\t\t\t\t<div class=\"elementor-widget-container\">\n\t\t\t\t\t        <div class=\"penci-clearfix penci-biggrid-wrapper penci-bgrid-based-post penci-bgrid-style-3 pcbg-ficonpo-top-right pcbg-reiconpo-top-left penci-bgrid-content-on pencibg-imageh-zoom-in pencibg-texth-none pencibg-textani-movetop textop\">\n\t\t\t            <div class=\"penci-clearfix penci-biggrid penci-bgstyle-3 penci-bgel\">\n                <div class=\"penci-biggrid-inner default\">\n\t\t\t\t\t<div class=\"penci-big-grid-ajax-data\"><div class=\"penci-clearfix penci-biggrid-data penci-dblock penci-fixh\"><div class=\"penci-bgitem pcbg-big-item bgitem-1\">\n    <div class=\"penci-bgitin\">\n        <div class=\"penci-bgmain\">\n            <div class=\"pcbg-thumb\">\n\t\t\t\t\t\t\t\t                <div class=\"pcbg-thumbin\">\n                    <a class=\"pcbg-bgoverlay\"\n                       href=\"https:\/\/www.coreconpr.gov.br\/premioparana\/2026\/04\/14\/representantes-do-coreconpr-visitam-ipardes-para-tratar-do-premio-parana-de-economia-francisco-magalhaes\/\" title=\"Representantes do CoreconPR visitam IPARDES para tratar do Pr\u00eamio Paran\u00e1 de Economia \u201cFrancisco Magalh\u00e3es\u201d\"><\/a>\n\n                        <div  data-bgset=\"https:\/\/www.coreconpr.gov.br\/premioparana\/wp-content\/uploads\/2026\/04\/ipades.jpg\" data_bg_hidpi=\"https:\/\/www.coreconpr.gov.br\/premioparana\/wp-content\/uploads\/2026\/04\/ipades-585x390.jpg\" class=\"penci-lazy penci-image-holder\">\n                                                    <\/div>\n\n                <\/div>\n            <\/div>\n            <div class=\"pcbg-content\">\n                <div class=\"pcbg-content-flex\">\n                    <a class=\"pcbg-bgoverlay active-overlay\"\n                       href=\"https:\/\/www.coreconpr.gov.br\/premioparana\/2026\/04\/14\/representantes-do-coreconpr-visitam-ipardes-para-tratar-do-premio-parana-de-economia-francisco-magalhaes\/\" title=\"Representantes do CoreconPR visitam IPARDES para tratar do Pr\u00eamio Paran\u00e1 de Economia \u201cFrancisco Magalh\u00e3es\u201d\"><\/a>\n                    <div class=\"pcbg-content-inner bgcontent-block\">\n                        <a href=\"https:\/\/www.coreconpr.gov.br\/premioparana\/2026\/04\/14\/representantes-do-coreconpr-visitam-ipardes-para-tratar-do-premio-parana-de-economia-francisco-magalhaes\/\" title=\"Representantes do CoreconPR visitam IPARDES para tratar do Pr\u00eamio Paran\u00e1 de Economia \u201cFrancisco Magalh\u00e3es\u201d\"\n                           class=\"pcbg-bgoverlaytext item-hover\"><\/a>\n\n\t\t\t\t\t\t\n\t\t\t\t\t\t                            <div class=\"pcbg-heading item-hover\">\n                                <h3 class=\"pcbg-title\">\n                                    <a href=\"https:\/\/www.coreconpr.gov.br\/premioparana\/2026\/04\/14\/representantes-do-coreconpr-visitam-ipardes-para-tratar-do-premio-parana-de-economia-francisco-magalhaes\/\">\n\t\t\t\t\t\t\t\t\t\tRepresentantes do CoreconPR visitam IPARDES para tratar do Pr\u00eamio Paran\u00e1 de Economia \u201cFrancisco Magalh\u00e3es\u201d                                    <\/a>\n                                <\/h3>\n                            <\/div>\n\t\t\t\t\t\t\n\t\t\t\t\t\t                            <div class=\"grid-post-box-meta pcbg-meta item-hover\">\n                                <div class=\"pcbg-meta-desc\">\n\t\t\t\t\t\t\t\t\t\t\t\t\t\t\t\t\t\t                                        <span class=\"bg-date\"><time class=\"entry-date published\" datetime=\"2026-04-14T14:13:57-03:00\">14 de abril de 2026<\/time><\/span>\n\t\t\t\t\t\t\t\t\t\t\t\t\t\t\t\t\t\t\t\t\t\t\t\t\t\t\t\t\t\t\t\t\t\t\t\t\t\t\t\t\t\t\t\t\t\t\t\t\t\t\t\t\t\t                                <\/div>\n\t\t\t\t\t\t\t\t                            <\/div>\n\t\t\t\t\t\t\n\t\t\t\t\t\t                    <\/div>\n                <\/div>\n            <\/div>\n        <\/div>\n    <\/div>\n<\/div>\n<div class=\"penci-bgitem bgitem-2\">\n    <div class=\"penci-bgitin\">\n        <div class=\"penci-bgmain\">\n            <div class=\"pcbg-thumb\">\n\t\t\t\t\t\t\t\t                <div class=\"pcbg-thumbin\">\n                    <a class=\"pcbg-bgoverlay\"\n                       href=\"https:\/\/www.coreconpr.gov.br\/premioparana\/2026\/04\/10\/coreconpr-realiza-cerimonia-de-lancamento-do-36o-premio-parana-de-economia-francisco-magalhaes-em-curitiba\/\" title=\"CoreconPR realiza cerim\u00f4nia de lan\u00e7amento do 36\u00ba Pr\u00eamio Paran\u00e1 de Economia Francisco Magalh\u00e3es em Curitiba\"><\/a>\n\n                        <div  data-bgset=\"https:\/\/www.coreconpr.gov.br\/premioparana\/wp-content\/uploads\/2026\/04\/1-585x390.jpg\" data_bg_hidpi=\"https:\/\/www.coreconpr.gov.br\/premioparana\/wp-content\/uploads\/2026\/04\/1-585x390.jpg\" class=\"penci-lazy penci-image-holder\">\n                                                    <\/div>\n\n                <\/div>\n            <\/div>\n            <div class=\"pcbg-content\">\n                <div class=\"pcbg-content-flex\">\n                    <a class=\"pcbg-bgoverlay active-overlay\"\n                       href=\"https:\/\/www.coreconpr.gov.br\/premioparana\/2026\/04\/10\/coreconpr-realiza-cerimonia-de-lancamento-do-36o-premio-parana-de-economia-francisco-magalhaes-em-curitiba\/\" title=\"CoreconPR realiza cerim\u00f4nia de lan\u00e7amento do 36\u00ba Pr\u00eamio Paran\u00e1 de Economia Francisco Magalh\u00e3es em Curitiba\"><\/a>\n                    <div class=\"pcbg-content-inner bgcontent-block\">\n                        <a href=\"https:\/\/www.coreconpr.gov.br\/premioparana\/2026\/04\/10\/coreconpr-realiza-cerimonia-de-lancamento-do-36o-premio-parana-de-economia-francisco-magalhaes-em-curitiba\/\" title=\"CoreconPR realiza cerim\u00f4nia de lan\u00e7amento do 36\u00ba Pr\u00eamio Paran\u00e1 de Economia Francisco Magalh\u00e3es em Curitiba\"\n                           class=\"pcbg-bgoverlaytext item-hover\"><\/a>\n\n\t\t\t\t\t\t\n\t\t\t\t\t\t                            <div class=\"pcbg-heading item-hover\">\n                                <h3 class=\"pcbg-title\">\n                                    <a href=\"https:\/\/www.coreconpr.gov.br\/premioparana\/2026\/04\/10\/coreconpr-realiza-cerimonia-de-lancamento-do-36o-premio-parana-de-economia-francisco-magalhaes-em-curitiba\/\">\n\t\t\t\t\t\t\t\t\t\tCoreconPR realiza cerim\u00f4nia de lan\u00e7amento do 36\u00ba Pr\u00eamio Paran\u00e1 de Economia Francisco Magalh\u00e3es em Curitiba                                    <\/a>\n                                <\/h3>\n                            <\/div>\n\t\t\t\t\t\t\n\t\t\t\t\t\t                            <div class=\"grid-post-box-meta pcbg-meta item-hover\">\n                                <div class=\"pcbg-meta-desc\">\n\t\t\t\t\t\t\t\t\t\t\t\t\t\t\t\t\t\t                                        <span class=\"bg-date\"><time class=\"entry-date published\" datetime=\"2026-04-10T08:20:30-03:00\">10 de abril de 2026<\/time><\/span>\n\t\t\t\t\t\t\t\t\t\t\t\t\t\t\t\t\t\t\t\t\t\t\t\t\t\t\t\t\t\t\t\t\t\t\t\t\t\t\t\t\t\t\t\t\t\t\t\t\t\t\t\t\t\t                                <\/div>\n\t\t\t\t\t\t\t\t                            <\/div>\n\t\t\t\t\t\t\n\t\t\t\t\t\t                    <\/div>\n                <\/div>\n            <\/div>\n        <\/div>\n    <\/div>\n<\/div>\n<\/div><\/div>                <\/div>\n\t\t\t\t            <\/div>\n        <\/div>\n\t\t\t\t\t\t<\/div>\n\t\t\t\t<\/div>\n\t\t\t\t\t<\/div>\n\t\t<\/div>\n\t\t\t\t\t<\/div>\n\t\t<\/section>\n\t\t\t\t<\/div>\n\t\t","protected":false},"excerpt":{"rendered":"<p>PR\u00caMIO FRANCISCO MAGALH\u00c3ES DE ECONOMIA Not\u00edcias CoreconPR realiza cerim\u00f4nia de lan\u00e7amento do 36\u00ba Pr\u00eamio Paran\u00e1 de Economia Francisco Magalh\u00e3es em Curitiba 10 de abril de 2026<\/p>\n","protected":false},"author":1,"featured_media":0,"parent":0,"menu_order":0,"comment_status":"closed","ping_status":"closed","template":"page-fullwidth.php","meta":{"_monsterinsights_skip_tracking":false,"_monsterinsights_sitenote_active":false,"_monsterinsights_sitenote_note":"","_monsterinsights_sitenote_category":0,"_lmt_disableupdate":"","_lmt_disable":"","footnotes":""},"class_list":["post-1358","page","type-page","status-publish","hentry"],"aioseo_notices":[],"_links":{"self":[{"href":"https:\/\/www.coreconpr.gov.br\/premioparana\/wp-json\/wp\/v2\/pages\/1358","targetHints":{"allow":["GET"]}}],"collection":[{"href":"https:\/\/www.coreconpr.gov.br\/premioparana\/wp-json\/wp\/v2\/pages"}],"about":[{"href":"https:\/\/www.coreconpr.gov.br\/premioparana\/wp-json\/wp\/v2\/types\/page"}],"author":[{"embeddable":true,"href":"https:\/\/www.coreconpr.gov.br\/premioparana\/wp-json\/wp\/v2\/users\/1"}],"replies":[{"embeddable":true,"href":"https:\/\/www.coreconpr.gov.br\/premioparana\/wp-json\/wp\/v2\/comments?post=1358"}],"version-history":[{"count":4,"href":"https:\/\/www.coreconpr.gov.br\/premioparana\/wp-json\/wp\/v2\/pages\/1358\/revisions"}],"predecessor-version":[{"id":1362,"href":"https:\/\/www.coreconpr.gov.br\/premioparana\/wp-json\/wp\/v2\/pages\/1358\/revisions\/1362"}],"wp:attachment":[{"href":"https:\/\/www.coreconpr.gov.br\/premioparana\/wp-json\/wp\/v2\/media?parent=1358"}],"curies":[{"name":"wp","href":"https:\/\/api.w.org\/{rel}","templated":true}]}}