{"id":495,"date":"2026-03-03T13:52:28","date_gmt":"2026-03-03T16:52:28","guid":{"rendered":"https:\/\/www.coreconpr.gov.br\/premioparana\/?page_id=495"},"modified":"2026-04-15T12:50:48","modified_gmt":"2026-04-15T15:50:48","slug":"principal","status":"publish","type":"page","link":"https:\/\/www.coreconpr.gov.br\/premioparana\/","title":{"rendered":"Principal"},"content":{"rendered":"\t\t<div data-elementor-type=\"wp-page\" data-elementor-id=\"495\" class=\"elementor elementor-495\">\n\t\t\t\t\t\t<section class=\"penci-section penci-dmcheck penci-elbg-activate penci-disSticky penci-structure-30 elementor-section elementor-top-section elementor-element elementor-element-24f5112b elementor-section-content-middle elementor-section-boxed elementor-section-height-default elementor-section-height-default\" data-id=\"24f5112b\" data-element_type=\"section\" data-e-type=\"section\" data-settings=\"{&quot;background_background&quot;:&quot;classic&quot;}\">\n\t\t\t\t\t\t<div class=\"elementor-container elementor-column-gap-extended\">\n\t\t\t\t\t<div class=\"penci-ercol-33 penci-ercol-order-1 penci-sticky-sb penci-sidebarSC   elementor-column elementor-col-33 elementor-top-column elementor-element elementor-element-7dc7198c\" data-id=\"7dc7198c\" data-element_type=\"column\" data-e-type=\"column\">\n\t\t\t<div class=\"elementor-widget-wrap elementor-element-populated\">\n\t\t\t\t\t\t<div class=\"elementor-element elementor-element-397c175e elementor-widget elementor-widget-penci-info-box\" data-id=\"397c175e\" data-element_type=\"widget\" data-e-type=\"widget\" data-widget_type=\"penci-info-box.default\">\n\t\t\t\t<div class=\"elementor-widget-container\">\n\t\t\t\t\t        <div id=\"penci_info_box_82252\" class=\"penci-block-vc penci-info-box penci-ibox-float-left penci-view-default penci-shape-circle\">\n            <div class=\"penci-ibox-inner penci-animation-grow\">\n\t\t\t\t\t\t\t\t<div class=\"penci-ibox-icon penci-ibox-icon--icon penci-icon penci-tibox-icon\"><span class=\"penci-ibox-icon-fa\"><i class=\"penci-ibox-icon--i fa fa-truck\" aria-hidden=\"true\"><\/i><\/span><\/div>                <div class=\"penci-ibox-content-wrap\">\n\t\t\t\t\t\t\t\t\t\t<h3\n                            class=\"penci-ibox-title\">Rua Professora Rosa Saporski, 989<\/h3>\t\t\t\t\t\t\t\t\t\t\t\t\t\t\t                <\/div>\n            <\/div>\n        <\/div>\n\t\t\t\t\t\t<\/div>\n\t\t\t\t<\/div>\n\t\t\t\t\t<\/div>\n\t\t<\/div>\n\t\t\t\t<div class=\"penci-ercol-33 penci-ercol-order-2 penci-sticky-sb penci-sidebarSC   elementor-column elementor-col-33 elementor-top-column elementor-element elementor-element-76b464a\" data-id=\"76b464a\" data-element_type=\"column\" data-e-type=\"column\">\n\t\t\t<div class=\"elementor-widget-wrap elementor-element-populated\">\n\t\t\t\t\t\t<div class=\"elementor-element elementor-element-3f219c0c elementor-widget elementor-widget-penci-info-box\" data-id=\"3f219c0c\" data-element_type=\"widget\" data-e-type=\"widget\" data-widget_type=\"penci-info-box.default\">\n\t\t\t\t<div class=\"elementor-widget-container\">\n\t\t\t\t\t        <div id=\"penci_info_box_47518\" class=\"penci-block-vc penci-info-box penci-ibox-float-left penci-view-default penci-shape-circle\">\n            <div class=\"penci-ibox-inner penci-animation-grow\">\n\t\t\t\t\t\t\t\t<div class=\"penci-ibox-icon penci-ibox-icon--icon penci-icon penci-tibox-icon\"><a class=\"penci-ibox-icon-fa-fix\" href=\"https:\/\/www.coreconpr.gov.br\/premioparana\/2026\/04\/10\/coreconpr-realiza-cerimonia-de-lancamento-do-36o-premio-parana-de-economia-francisco-magalhaes-em-curitiba\/\"><\/a><a class=\"penci-ibox-icon-fa\" href=\"https:\/\/www.coreconpr.gov.br\/premioparana\/2026\/04\/10\/coreconpr-realiza-cerimonia-de-lancamento-do-36o-premio-parana-de-economia-francisco-magalhaes-em-curitiba\/\"><i class=\"penci-ibox-icon--i fa fa-calendar\" aria-hidden=\"true\"><\/i><\/a><\/div>                <div class=\"penci-ibox-content-wrap\">\n\t\t\t\t\t\t\t\t\t\t<h3\n                            class=\"penci-ibox-title\">LAN\u00c7AMENTO - 22 de abril de 2026 - quarta-feira<\/h3>\t\t\t\t\t\t\t\t\t\t\t\t\t\t\t                <\/div>\n            <\/div>\n        <\/div>\n\t\t\t\t\t\t<\/div>\n\t\t\t\t<\/div>\n\t\t\t\t\t<\/div>\n\t\t<\/div>\n\t\t\t\t<div class=\"penci-ercol-33 penci-ercol-order-3 penci-sticky-sb penci-sidebarSC   elementor-column elementor-col-33 elementor-top-column elementor-element elementor-element-6a35b089\" data-id=\"6a35b089\" data-element_type=\"column\" data-e-type=\"column\">\n\t\t\t<div class=\"elementor-widget-wrap elementor-element-populated\">\n\t\t\t\t\t\t<div class=\"elementor-element elementor-element-39dda3a1 elementor-widget elementor-widget-penci-info-box\" data-id=\"39dda3a1\" data-element_type=\"widget\" data-e-type=\"widget\" data-widget_type=\"penci-info-box.default\">\n\t\t\t\t<div class=\"elementor-widget-container\">\n\t\t\t\t\t        <div id=\"penci_info_box_23730\" class=\"penci-block-vc penci-info-box penci-ibox-float-left penci-view-default penci-shape-circle\">\n            <div class=\"penci-ibox-inner penci-animation-grow\">\n\t\t\t\t\t\t\t\t<div class=\"penci-ibox-icon penci-ibox-icon--icon penci-icon penci-tibox-icon\"><span class=\"penci-ibox-icon-fa\"><i class=\"penci-ibox-icon--i fa fa-phone\" aria-hidden=\"true\"><\/i><\/span><\/div>                <div class=\"penci-ibox-content-wrap\">\n\t\t\t\t\t\t\t\t\t\t<h3\n                            class=\"penci-ibox-title\">(41) 3336-0701 Fone\/whats<\/h3>\t\t\t\t\t\t\t\t\t\t\t\t\t\t\t                <\/div>\n            <\/div>\n        <\/div>\n\t\t\t\t\t\t<\/div>\n\t\t\t\t<\/div>\n\t\t\t\t\t<\/div>\n\t\t<\/div>\n\t\t\t\t\t<\/div>\n\t\t<\/section>\n\t\t\t\t<section class=\"penci-section penci-disSticky penci-structure-10 elementor-section elementor-top-section elementor-element elementor-element-251027ad elementor-section-full_width elementor-section-height-default elementor-section-height-default\" data-id=\"251027ad\" data-element_type=\"section\" data-e-type=\"section\">\n\t\t\t\t\t\t<div class=\"elementor-container elementor-column-gap-no\">\n\t\t\t\t\t<div class=\"penci-ercol-100 penci-ercol-order-1 penci-sticky-ct    elementor-column elementor-col-100 elementor-top-column elementor-element elementor-element-1a553d10\" data-id=\"1a553d10\" data-element_type=\"column\" data-e-type=\"column\">\n\t\t\t<div class=\"elementor-widget-wrap elementor-element-populated\">\n\t\t\t\t\t\t<div class=\"elementor-element elementor-element-4a78ea84 penci-h-poswrap-center penci-v-poswrap-middle elementor-widget elementor-widget-penci-custom-sliders\" data-id=\"4a78ea84\" data-element_type=\"widget\" data-e-type=\"widget\" data-widget_type=\"penci-custom-sliders.default\">\n\t\t\t\t<div class=\"elementor-widget-container\">\n\t\t\t\t\t<div class=\"penci-block-vc penci-custom-slides\"><div class=\"penci-block_content penci-slides-wrap swiper penci-owl-carousel penci-owl-carousel-slider pcdots-dots\"  data-items=\"1\" data-auto=\"true\" data-autotime=\"4000\" data-speed=\"800\" data-anim=\"slide\" data-ceffect=\"swing\" data-seffect=\"creative\"><div class=\"swiper-wrapper\"><div class=\"swiper-slide elementor-repeater-item-4083646 penci-ctslide-wrap\"><div class=\"penci-custom-slide\"><div class=\"penci-ctslide-bg\"><\/div><div class=\"penci-ctslide-inner\"><div class=\"penci-ctslider-content penci-fadeInUp\"><\/div><\/div><\/div><\/div><div class=\"swiper-slide elementor-repeater-item-e0a80ca penci-ctslide-wrap\"><div class=\"penci-custom-slide\"><div class=\"penci-ctslide-bg\"><\/div><div class=\"penci-ctslide-inner\"><div class=\"penci-ctslider-content penci-fadeInUp\"><h2 class=\"pencislider-title\">Lan\u00e7amento<\/h2><div class=\"pencislider-caption\">Evento Presencial <\/div><div class=\"penci-slider_btnwrap\"><a class=\"pencislider-btn pencislider-btn-1 penci-button\" href=\"https:\/\/www.coreconpr.gov.br\/premioparana\/2026\/04\/10\/coreconpr-realiza-cerimonia-de-lancamento-do-36o-premio-parana-de-economia-francisco-magalhaes-em-curitiba\/\"><span>mais informa\u00e7\u00f5es<\/span><\/a><\/div><\/div><\/div><\/div><\/div><\/div><\/div><\/div>\t\t\t\t<\/div>\n\t\t\t\t<\/div>\n\t\t\t\t\t<\/div>\n\t\t<\/div>\n\t\t\t\t\t<\/div>\n\t\t<\/section>\n\t\t\t\t<section class=\"penci-section penci-dmcheck penci-elbg-activate penci-disSticky penci-structure-40 elementor-section elementor-top-section elementor-element elementor-element-35fc9613 elementor-section-boxed elementor-section-height-default elementor-section-height-default\" data-id=\"35fc9613\" data-element_type=\"section\" data-e-type=\"section\" data-settings=\"{&quot;background_background&quot;:&quot;classic&quot;}\">\n\t\t\t\t\t\t<div class=\"elementor-container elementor-column-gap-no\">\n\t\t\t\t\t<div class=\"penci-ercol-25 penci-ercol-order-1 penci-sticky-sb penci-sidebarSC   elementor-column elementor-col-25 elementor-top-column elementor-element elementor-element-1d3497cd\" data-id=\"1d3497cd\" data-element_type=\"column\" data-e-type=\"column\">\n\t\t\t<div class=\"elementor-widget-wrap elementor-element-populated\">\n\t\t\t\t\t\t<div class=\"elementor-element elementor-element-5e584cea elementor-widget elementor-widget-penci-info-box\" data-id=\"5e584cea\" data-element_type=\"widget\" data-e-type=\"widget\" data-widget_type=\"penci-info-box.default\">\n\t\t\t\t<div class=\"elementor-widget-container\">\n\t\t\t\t\t        <div id=\"penci_info_box_25796\" class=\"penci-block-vc penci-info-box penci-ibox-top-center penci-view-stacked penci-shape-circle\">\n            <div class=\"penci-ibox-inner\">\n\t\t\t\t\t\t\t\t<div class=\"penci-ibox-icon penci-ibox-icon--icon penci-icon penci-tibox-icon\"><a class=\"penci-ibox-icon-fa-fix\" href=\"https:\/\/www.coreconpr.gov.br\/premioparana\/2026\/04\/14\/inscricoes-abertas\/\"><\/a><a class=\"penci-ibox-icon-fa\" href=\"https:\/\/www.coreconpr.gov.br\/premioparana\/2026\/04\/14\/inscricoes-abertas\/\"><i class=\"penci-ibox-icon--i fa fa-bookmark\" aria-hidden=\"true\"><\/i><\/a><\/div>                <div class=\"penci-ibox-content-wrap\">\n\t\t\t\t\t\t\t\t\t\t<h3\n                            class=\"penci-ibox-title\">Inscri\u00e7\u00f5es abertas<\/h3>\t\t\t\t\t\t\t\t\t\t\t\t\t\t\t                <\/div>\n            <\/div>\n        <\/div>\n\t\t\t\t\t\t<\/div>\n\t\t\t\t<\/div>\n\t\t\t\t\t<\/div>\n\t\t<\/div>\n\t\t\t\t<div class=\"penci-ercol-25 penci-ercol-order-2 penci-sticky-sb penci-sidebarSC   elementor-column elementor-col-25 elementor-top-column elementor-element elementor-element-4ec98fbe\" data-id=\"4ec98fbe\" data-element_type=\"column\" data-e-type=\"column\">\n\t\t\t<div class=\"elementor-widget-wrap elementor-element-populated\">\n\t\t\t\t\t\t<div class=\"elementor-element elementor-element-27a04c79 elementor-widget elementor-widget-penci-info-box\" data-id=\"27a04c79\" data-element_type=\"widget\" data-e-type=\"widget\" data-widget_type=\"penci-info-box.default\">\n\t\t\t\t<div class=\"elementor-widget-container\">\n\t\t\t\t\t        <div id=\"penci_info_box_54915\" class=\"penci-block-vc penci-info-box penci-ibox-top-center penci-view-stacked penci-shape-circle\">\n            <div class=\"penci-ibox-inner\">\n\t\t\t\t\t\t\t\t<div class=\"penci-ibox-icon penci-ibox-icon--icon penci-icon penci-tibox-icon\"><a class=\"penci-ibox-icon-fa-fix\" href=\"https:\/\/www.coreconpr.gov.br\/premioparana\/2026\/04\/14\/quem-pode-participar\/\"><\/a><a class=\"penci-ibox-icon-fa\" href=\"https:\/\/www.coreconpr.gov.br\/premioparana\/2026\/04\/14\/quem-pode-participar\/\"><i class=\"penci-ibox-icon--i fa fa-bell\" aria-hidden=\"true\"><\/i><\/a><\/div>                <div class=\"penci-ibox-content-wrap\">\n\t\t\t\t\t\t\t\t\t\t<h3\n                            class=\"penci-ibox-title\">Quem pode participar<\/h3>\t\t\t\t\t\t\t\t\t\t\t\t\t\t\t                <\/div>\n            <\/div>\n        <\/div>\n\t\t\t\t\t\t<\/div>\n\t\t\t\t<\/div>\n\t\t\t\t\t<\/div>\n\t\t<\/div>\n\t\t\t\t<div class=\"penci-ercol-25 penci-ercol-order-3 penci-sticky-sb penci-sidebarSC   elementor-column elementor-col-25 elementor-top-column elementor-element elementor-element-779a75e5\" data-id=\"779a75e5\" data-element_type=\"column\" data-e-type=\"column\">\n\t\t\t<div class=\"elementor-widget-wrap elementor-element-populated\">\n\t\t\t\t\t\t<div class=\"elementor-element elementor-element-b2d64ab elementor-widget elementor-widget-penci-info-box\" data-id=\"b2d64ab\" data-element_type=\"widget\" data-e-type=\"widget\" data-widget_type=\"penci-info-box.default\">\n\t\t\t\t<div class=\"elementor-widget-container\">\n\t\t\t\t\t        <div id=\"penci_info_box_56899\" class=\"penci-block-vc penci-info-box penci-ibox-top-center penci-view-stacked penci-shape-circle\">\n            <div class=\"penci-ibox-inner\">\n\t\t\t\t\t\t\t\t<div class=\"penci-ibox-icon penci-ibox-icon--icon penci-icon penci-tibox-icon\"><a class=\"penci-ibox-icon-fa-fix\" href=\"https:\/\/www.coreconpr.gov.br\/premioparana\/2026\/04\/14\/por-que-participar\/\"><\/a><a class=\"penci-ibox-icon-fa\" href=\"https:\/\/www.coreconpr.gov.br\/premioparana\/2026\/04\/14\/por-que-participar\/\"><i class=\"penci-ibox-icon--i fa fa-book\" aria-hidden=\"true\"><\/i><\/a><\/div>                <div class=\"penci-ibox-content-wrap\">\n\t\t\t\t\t\t\t\t\t\t<h3\n                            class=\"penci-ibox-title\">Por que participar?<\/h3>\t\t\t\t\t\t\t\t\t\t\t\t\t\t\t                <\/div>\n            <\/div>\n        <\/div>\n\t\t\t\t\t\t<\/div>\n\t\t\t\t<\/div>\n\t\t\t\t\t<\/div>\n\t\t<\/div>\n\t\t\t\t<div class=\"penci-ercol-25 penci-ercol-order-4 penci-sticky-sb penci-sidebarSC   elementor-column elementor-col-25 elementor-top-column elementor-element elementor-element-b86af81\" data-id=\"b86af81\" data-element_type=\"column\" data-e-type=\"column\">\n\t\t\t<div class=\"elementor-widget-wrap elementor-element-populated\">\n\t\t\t\t\t\t<div class=\"elementor-element elementor-element-7c2ef1cc elementor-widget elementor-widget-penci-info-box\" data-id=\"7c2ef1cc\" data-element_type=\"widget\" data-e-type=\"widget\" data-widget_type=\"penci-info-box.default\">\n\t\t\t\t<div class=\"elementor-widget-container\">\n\t\t\t\t\t        <div id=\"penci_info_box_29953\" class=\"penci-block-vc penci-info-box penci-ibox-top-center penci-view-stacked penci-shape-circle\">\n            <div class=\"penci-ibox-inner\">\n\t\t\t\t\t\t\t\t<div class=\"penci-ibox-icon penci-ibox-icon--icon penci-icon penci-tibox-icon\"><a class=\"penci-ibox-icon-fa-fix\" href=\"https:\/\/www.coreconpr.gov.br\/premioparana\/2026\/04\/14\/acesse-os-documentos\/\"><\/a><a class=\"penci-ibox-icon-fa\" href=\"https:\/\/www.coreconpr.gov.br\/premioparana\/2026\/04\/14\/acesse-os-documentos\/\"><i class=\"penci-ibox-icon--i fa fa-arrow-circle-up\" aria-hidden=\"true\"><\/i><\/a><\/div>                <div class=\"penci-ibox-content-wrap\">\n\t\t\t\t\t\t\t\t\t\t<h3\n                            class=\"penci-ibox-title\">Acesse os documentos<\/h3>\t\t\t\t\t\t\t\t\t\t\t\t\t\t\t                <\/div>\n            <\/div>\n        <\/div>\n\t\t\t\t\t\t<\/div>\n\t\t\t\t<\/div>\n\t\t\t\t\t<\/div>\n\t\t<\/div>\n\t\t\t\t\t<\/div>\n\t\t<\/section>\n\t\t\t\t<section class=\"penci-section penci-dmcheck penci-elbg-activate penci-disSticky penci-structure-20 elementor-section elementor-top-section elementor-element elementor-element-0cf1f40 elementor-section-content-middle elementor-section-boxed elementor-section-height-default elementor-section-height-default\" data-id=\"0cf1f40\" data-element_type=\"section\" data-e-type=\"section\" data-settings=\"{&quot;background_background&quot;:&quot;classic&quot;}\">\n\t\t\t\t\t\t<div class=\"elementor-container elementor-column-gap-no\">\n\t\t\t\t\t<div class=\"penci-ercol-50 penci-ercol-order-1 penci-sticky-ct  penci-dmcheck penci-elbg-activate  elementor-column elementor-col-50 elementor-top-column elementor-element elementor-element-5e8cfc5\" data-id=\"5e8cfc5\" data-element_type=\"column\" data-e-type=\"column\" data-settings=\"{&quot;background_background&quot;:&quot;slideshow&quot;,&quot;background_slideshow_gallery&quot;:[],&quot;background_slideshow_loop&quot;:&quot;yes&quot;,&quot;background_slideshow_slide_duration&quot;:5000,&quot;background_slideshow_slide_transition&quot;:&quot;fade&quot;,&quot;background_slideshow_transition_duration&quot;:500}\">\n\t\t\t<div class=\"elementor-widget-wrap elementor-element-populated\">\n\t\t\t\t\t\t<div class=\"elementor-element elementor-element-01f6832 elementor-widget elementor-widget-image\" data-id=\"01f6832\" data-element_type=\"widget\" data-e-type=\"widget\" data-widget_type=\"image.default\">\n\t\t\t\t\t\t\t\t\t\t\t\t\t\t\t<img fetchpriority=\"high\" decoding=\"async\" width=\"1024\" height=\"683\" src=\"https:\/\/www.coreconpr.gov.br\/premioparana\/wp-content\/uploads\/2026\/04\/meio-abril-1-1024x683.jpeg\" class=\"attachment-large size-large wp-image-977\" alt=\"\" srcset=\"https:\/\/www.coreconpr.gov.br\/premioparana\/wp-content\/uploads\/2026\/04\/meio-abril-1-1024x683.jpeg 1024w, https:\/\/www.coreconpr.gov.br\/premioparana\/wp-content\/uploads\/2026\/04\/meio-abril-1-300x200.jpeg 300w, https:\/\/www.coreconpr.gov.br\/premioparana\/wp-content\/uploads\/2026\/04\/meio-abril-1-768x512.jpeg 768w, https:\/\/www.coreconpr.gov.br\/premioparana\/wp-content\/uploads\/2026\/04\/meio-abril-1-1170x780.jpeg 1170w, https:\/\/www.coreconpr.gov.br\/premioparana\/wp-content\/uploads\/2026\/04\/meio-abril-1-585x390.jpeg 585w, https:\/\/www.coreconpr.gov.br\/premioparana\/wp-content\/uploads\/2026\/04\/meio-abril-1-263x175.jpeg 263w, https:\/\/www.coreconpr.gov.br\/premioparana\/wp-content\/uploads\/2026\/04\/meio-abril-1.jpeg 1350w\" sizes=\"(max-width: 1024px) 100vw, 1024px\" \/>\t\t\t\t\t\t\t\t\t\t\t\t\t\t\t<\/div>\n\t\t\t\t\t<\/div>\n\t\t<\/div>\n\t\t\t\t<div class=\"penci-ercol-50 penci-ercol-order-2 penci-sticky-ct  penci-dmcheck penci-elbg-activate  elementor-column elementor-col-50 elementor-top-column elementor-element elementor-element-9933980\" data-id=\"9933980\" data-element_type=\"column\" data-e-type=\"column\" data-settings=\"{&quot;background_background&quot;:&quot;classic&quot;}\">\n\t\t\t<div class=\"elementor-widget-wrap elementor-element-populated\">\n\t\t\t\t\t\t<div class=\"elementor-element elementor-element-8d5939f elementor-widget elementor-widget-text-editor\" data-id=\"8d5939f\" data-element_type=\"widget\" data-e-type=\"widget\" data-widget_type=\"text-editor.default\">\n\t\t\t\t\t\t\t\t\t<p style=\"font-weight: 400;\">O\u00a0<strong>Pr\u00eamio Paran\u00e1 de Economia Francisco Magalh\u00e3es<\/strong>\u00a0\u00e9 uma iniciativa do\u00a0<strong>Conselho Regional de Economia do Paran\u00e1 (CoreconPR)<\/strong>\u00a0que tem como objetivo reconhecer e valorizar a excel\u00eancia acad\u00eamica na forma\u00e7\u00e3o de economistas no estado.<\/p><p>\u00a0<\/p><p style=\"font-weight: 400;\">O concurso \u00e9 voltado a\u00a0<strong>Monografias e Trabalhos de Conclus\u00e3o de Curso (TCC)<\/strong>\u00a0dos cursos de gradua\u00e7\u00e3o em Ci\u00eancias Econ\u00f4micas, sendo estruturado em duas modalidades:<\/p><ol><li><strong>Economia Paranaense<\/strong><\/li><li><strong>Economia Pura e Aplicada<\/strong><\/li><\/ol><p style=\"font-weight: 400;\">A premia\u00e7\u00e3o busca\u00a0<strong>estimular a produ\u00e7\u00e3o cient\u00edfica de alto n\u00edvel<\/strong>, incentivar a reflex\u00e3o qualificada sobre temas relevantes para a economia e promover a divulga\u00e7\u00e3o de estudos que contribuam para o desenvolvimento econ\u00f4mico e social do Paran\u00e1.<\/p><p>\u00a0<\/p><p style=\"font-weight: 400;\">Em cada edi\u00e7\u00e3o, s\u00e3o premiados os\u00a0<strong>cinco melhores trabalhos em cada modalidade<\/strong>, em parceria com as Institui\u00e7\u00f5es de Ensino Superior (IES) do estado, fortalecendo o v\u00ednculo entre o meio acad\u00eamico e o Sistema Cofecon\/Corecons.<\/p><p>\u00a0<\/p><p style=\"font-weight: 400;\">A partir da\u00a0<strong>36\u00aa edi\u00e7\u00e3o<\/strong>, o pr\u00eamio passou a denominar-se\u00a0<em>Pr\u00eamio Francisco Magalh\u00e3es de Economia<\/em>, em homenagem ao\u00a0<strong>Prof. Francisco B. B. Magalh\u00e3es Filho<\/strong>, reconhecido por sua relevante produ\u00e7\u00e3o intelectual, contribui\u00e7\u00e3o para o desenvolvimento econ\u00f4mico do Paran\u00e1 e importante atua\u00e7\u00e3o na consolida\u00e7\u00e3o de institui\u00e7\u00f5es e do Sistema Cofecon\/Corecons.<\/p>\t\t\t\t\t\t\t\t<\/div>\n\t\t\t\t\t<\/div>\n\t\t<\/div>\n\t\t\t\t\t<\/div>\n\t\t<\/section>\n\t\t\t\t<section class=\"penci-section penci-dmcheck penci-elbg-activate penci-disSticky penci-structure-20 elementor-section elementor-top-section elementor-element elementor-element-34ea938 elementor-section-content-middle elementor-section-boxed elementor-section-height-default elementor-section-height-default\" data-id=\"34ea938\" data-element_type=\"section\" data-e-type=\"section\" data-settings=\"{&quot;background_background&quot;:&quot;classic&quot;}\">\n\t\t\t\t\t\t<div class=\"elementor-container elementor-column-gap-no\">\n\t\t\t\t\t<div class=\"penci-ercol-50 penci-ercol-order-1 penci-sticky-ct  penci-dmcheck penci-elbg-activate  elementor-column elementor-col-50 elementor-top-column elementor-element elementor-element-ce0c07e\" data-id=\"ce0c07e\" data-element_type=\"column\" data-e-type=\"column\" data-settings=\"{&quot;background_background&quot;:&quot;slideshow&quot;,&quot;background_slideshow_gallery&quot;:[],&quot;background_slideshow_loop&quot;:&quot;yes&quot;,&quot;background_slideshow_slide_duration&quot;:5000,&quot;background_slideshow_slide_transition&quot;:&quot;fade&quot;,&quot;background_slideshow_transition_duration&quot;:500}\">\n\t\t\t<div class=\"elementor-widget-wrap elementor-element-populated\">\n\t\t\t\t\t\t<div class=\"elementor-element elementor-element-d595587 elementor-widget elementor-widget-image\" data-id=\"d595587\" data-element_type=\"widget\" data-e-type=\"widget\" data-widget_type=\"image.default\">\n\t\t\t\t\t\t\t\t\t\t\t\t\t\t\t<img decoding=\"async\" width=\"900\" height=\"600\" src=\"https:\/\/www.coreconpr.gov.br\/premioparana\/wp-content\/uploads\/2026\/04\/Premio-PR-1.jpeg\" class=\"attachment-large size-large wp-image-1422\" alt=\"\" srcset=\"https:\/\/www.coreconpr.gov.br\/premioparana\/wp-content\/uploads\/2026\/04\/Premio-PR-1.jpeg 900w, https:\/\/www.coreconpr.gov.br\/premioparana\/wp-content\/uploads\/2026\/04\/Premio-PR-1-300x200.jpeg 300w, https:\/\/www.coreconpr.gov.br\/premioparana\/wp-content\/uploads\/2026\/04\/Premio-PR-1-768x512.jpeg 768w, https:\/\/www.coreconpr.gov.br\/premioparana\/wp-content\/uploads\/2026\/04\/Premio-PR-1-585x390.jpeg 585w, https:\/\/www.coreconpr.gov.br\/premioparana\/wp-content\/uploads\/2026\/04\/Premio-PR-1-263x175.jpeg 263w\" sizes=\"(max-width: 900px) 100vw, 900px\" \/>\t\t\t\t\t\t\t\t\t\t\t\t\t\t\t<\/div>\n\t\t\t\t\t<\/div>\n\t\t<\/div>\n\t\t\t\t<div class=\"penci-ercol-50 penci-ercol-order-2 penci-sticky-ct  penci-dmcheck penci-elbg-activate  elementor-column elementor-col-50 elementor-top-column elementor-element elementor-element-7f898cc\" data-id=\"7f898cc\" data-element_type=\"column\" data-e-type=\"column\" data-settings=\"{&quot;background_background&quot;:&quot;classic&quot;}\">\n\t\t\t<div class=\"elementor-widget-wrap elementor-element-populated\">\n\t\t\t\t\t\t<div class=\"elementor-element elementor-element-7b2a8db elementor-widget elementor-widget-penci-fancy_heading\" data-id=\"7b2a8db\" data-element_type=\"widget\" data-e-type=\"widget\" data-widget_type=\"penci-fancy_heading.default\">\n\t\t\t\t<div class=\"elementor-widget-container\">\n\t\t\t\t\t\t\t<div class=\"penci-fancy-heading penci-heading-text-center\">\n\t\t\t<div class=\"penci-fancy-heading-inner\">\n\t\t\t\t<h2 class=\"penci-heading-title\"><span class=\"inner-tit\">Francisco de Borja Baptista Magalh\u00e3es Filho (1935\u20132010)<\/span><\/h2>\t\t\t<\/div>\n\t\t<\/div>\n\t\t\t\t\t\t<\/div>\n\t\t\t\t<\/div>\n\t\t\t\t<div class=\"elementor-element elementor-element-89af823 elementor-widget elementor-widget-text-editor\" data-id=\"89af823\" data-element_type=\"widget\" data-e-type=\"widget\" data-widget_type=\"text-editor.default\">\n\t\t\t\t\t\t\t\t\t<p style=\"font-weight: 400;\">Graduado em Ci\u00eancias Econ\u00f4micas pela UFPR (1959) e doutor em Sociologia e Economia pela USP, Magalh\u00e3es foi presidente do Corecon\/PR (1968 e 1986) e do Cofecon (1997). Atuou como Secret\u00e1rio de Estado do Planejamento do Paran\u00e1 (1987\u20131990) e como fundador e primeiro Diretor-Presidente do Instituto Paranaense de Desenvolvimento Econ\u00f4mico e Social &#8211; IPARDES, al\u00e9m de participar diretamente da cria\u00e7\u00e3o das principais institui\u00e7\u00f5es de planejamento estadual, como o CODEPLAN, em 1955, PLADEP, em 1958, CODEPAR, em 1962, BADEP em 1968, e o pr\u00f3prio IPARDES, em 1973, consolidando-se como um dos mais importantes economistas de sua gera\u00e7\u00e3o. Tamb\u00e9m teve atua\u00e7\u00e3o em Bras\u00edlia no IPEA e CENDEC, dirigindo programas de forma\u00e7\u00e3o de economistas e gestores de pol\u00edticas p\u00fablicas. Al\u00e9m de professor decano da UFPR foi Pr\u00f3-Reitor de Planejamento. \u00c9 autor de livros cl\u00e1ssicos, como Hist\u00f3ria Econ\u00f4mica, livro texto b\u00e1sico adotado nas d\u00e9cadas de 1970 a 1990 nas principais universidades do Brasil, e Da Constru\u00e7\u00e3o ao Desmanche: An\u00e1lise do Projeto de Desenvolvimento Paranaense. \u201cMagalh\u00e3es era um intelectual comprometido com as transforma\u00e7\u00f5es do mundo real e com uma profunda compreens\u00e3o dos processos hist\u00f3ricos que (&#8230;) d\u00e3o sentido e dire\u00e7\u00e3o ao mundo em que vivemos\u201d (F\u00e1bio D\u00f3ria Scatolin). Sua contribui\u00e7\u00e3o acad\u00eamica e profissional do planejamento econ\u00f4mico marcou profundamente a forma\u00e7\u00e3o da economia e de economistas no Paran\u00e1.<\/p>\t\t\t\t\t\t\t\t<\/div>\n\t\t\t\t\t<\/div>\n\t\t<\/div>\n\t\t\t\t\t<\/div>\n\t\t<\/section>\n\t\t\t\t<\/div>\n\t\t","protected":false},"excerpt":{"rendered":"<p>Rua Professora Rosa Saporski, 989 LAN\u00c7AMENTO &#8211; 22 de abril de 2026 &#8211; quarta-feira (41) 3336-0701 Fone\/whats Lan\u00e7amento Evento Presencial mais informa\u00e7\u00f5es Inscri\u00e7\u00f5es abertas Quem pode participar Por que participar?&hellip;<\/p>\n","protected":false},"author":1,"featured_media":0,"parent":0,"menu_order":0,"comment_status":"closed","ping_status":"closed","template":"page-fullwidth.php","meta":{"_monsterinsights_skip_tracking":false,"_monsterinsights_sitenote_active":false,"_monsterinsights_sitenote_note":"","_monsterinsights_sitenote_category":0,"_lmt_disableupdate":"","_lmt_disable":"","footnotes":""},"class_list":["post-495","page","type-page","status-publish","hentry"],"aioseo_notices":[],"_links":{"self":[{"href":"https:\/\/www.coreconpr.gov.br\/premioparana\/wp-json\/wp\/v2\/pages\/495","targetHints":{"allow":["GET"]}}],"collection":[{"href":"https:\/\/www.coreconpr.gov.br\/premioparana\/wp-json\/wp\/v2\/pages"}],"about":[{"href":"https:\/\/www.coreconpr.gov.br\/premioparana\/wp-json\/wp\/v2\/types\/page"}],"author":[{"embeddable":true,"href":"https:\/\/www.coreconpr.gov.br\/premioparana\/wp-json\/wp\/v2\/users\/1"}],"replies":[{"embeddable":true,"href":"https:\/\/www.coreconpr.gov.br\/premioparana\/wp-json\/wp\/v2\/comments?post=495"}],"version-history":[{"count":313,"href":"https:\/\/www.coreconpr.gov.br\/premioparana\/wp-json\/wp\/v2\/pages\/495\/revisions"}],"predecessor-version":[{"id":1425,"href":"https:\/\/www.coreconpr.gov.br\/premioparana\/wp-json\/wp\/v2\/pages\/495\/revisions\/1425"}],"wp:attachment":[{"href":"https:\/\/www.coreconpr.gov.br\/premioparana\/wp-json\/wp\/v2\/media?parent=495"}],"curies":[{"name":"wp","href":"https:\/\/api.w.org\/{rel}","templated":true}]}}