{"id":788,"date":"2026-03-16T19:05:03","date_gmt":"2026-03-16T22:05:03","guid":{"rendered":"https:\/\/www.coreconpr.gov.br\/premioparana\/?page_id=788"},"modified":"2026-04-13T07:12:19","modified_gmt":"2026-04-13T10:12:19","slug":"comissoes","status":"publish","type":"page","link":"https:\/\/www.coreconpr.gov.br\/premioparana\/comissoes\/","title":{"rendered":"Comiss\u00f5es"},"content":{"rendered":"\t\t<div data-elementor-type=\"wp-page\" data-elementor-id=\"788\" class=\"elementor elementor-788\">\n\t\t\t\t\t\t<section class=\"penci-section penci-dmcheck penci-elbg-activate penci-elbg-img penci-disSticky penci-structure-10 elementor-section elementor-top-section elementor-element elementor-element-e7b5a75 elementor-section-boxed elementor-section-height-default elementor-section-height-default\" data-id=\"e7b5a75\" data-element_type=\"section\" data-e-type=\"section\" data-settings=\"{&quot;background_background&quot;:&quot;classic&quot;}\">\n\t\t\t\t\t\t\t<div class=\"elementor-background-overlay\"><\/div>\n\t\t\t\t\t\t\t<div class=\"elementor-container elementor-column-gap-no\">\n\t\t\t\t\t<div class=\"penci-ercol-100 penci-ercol-order-1 penci-sticky-ct    elementor-column elementor-col-100 elementor-top-column elementor-element elementor-element-c0ba2b2\" data-id=\"c0ba2b2\" data-element_type=\"column\" data-e-type=\"column\">\n\t\t\t<div class=\"elementor-widget-wrap elementor-element-populated\">\n\t\t\t\t\t\t<div class=\"elementor-element elementor-element-6e80a331 elementor-widget elementor-widget-penci-fancy_heading\" data-id=\"6e80a331\" data-element_type=\"widget\" data-e-type=\"widget\" data-widget_type=\"penci-fancy_heading.default\">\n\t\t\t\t<div class=\"elementor-widget-container\">\n\t\t\t\t\t\t\t<div class=\"penci-fancy-heading penci-heading-text-left\">\n\t\t\t<div class=\"penci-fancy-heading-inner\">\n\t\t\t\t<div class=\"penci-heading-subtitle\">\n PR\u00caMIO FRANCISCO MAGALH\u00c3ES DE ECONOMIA<\/div><h2 class=\"penci-heading-title\"><span class=\"inner-tit\">Comiss\u00f5es<\/span><\/h2>\t\t\t<\/div>\n\t\t<\/div>\n\t\t\t\t\t\t<\/div>\n\t\t\t\t<\/div>\n\t\t\t\t\t<\/div>\n\t\t<\/div>\n\t\t\t\t\t<\/div>\n\t\t<\/section>\n\t\t\t\t<section class=\"penci-section penci-dmcheck penci-elbg-activate penci-disSticky penci-structure-20 elementor-section elementor-top-section elementor-element elementor-element-c03824f elementor-section-content-middle elementor-section-boxed elementor-section-height-default elementor-section-height-default\" data-id=\"c03824f\" data-element_type=\"section\" data-e-type=\"section\" data-settings=\"{&quot;background_background&quot;:&quot;classic&quot;}\">\n\t\t\t\t\t\t<div class=\"elementor-container elementor-column-gap-no\">\n\t\t\t\t\t<div class=\"penci-ercol-50 penci-ercol-order-1 penci-sticky-ct  penci-dmcheck penci-elbg-activate  elementor-column elementor-col-50 elementor-top-column elementor-element elementor-element-c0f00a7\" data-id=\"c0f00a7\" data-element_type=\"column\" data-e-type=\"column\" data-settings=\"{&quot;background_background&quot;:&quot;slideshow&quot;,&quot;background_slideshow_gallery&quot;:[],&quot;background_slideshow_loop&quot;:&quot;yes&quot;,&quot;background_slideshow_slide_duration&quot;:5000,&quot;background_slideshow_slide_transition&quot;:&quot;fade&quot;,&quot;background_slideshow_transition_duration&quot;:500}\">\n\t\t\t<div class=\"elementor-widget-wrap elementor-element-populated\">\n\t\t\t\t\t\t<div class=\"elementor-element elementor-element-e87e164 elementor-widget elementor-widget-image\" data-id=\"e87e164\" data-element_type=\"widget\" data-e-type=\"widget\" data-widget_type=\"image.default\">\n\t\t\t\t\t\t\t\t\t\t\t\t\t\t\t<img fetchpriority=\"high\" decoding=\"async\" width=\"800\" height=\"533\" src=\"https:\/\/www.coreconpr.gov.br\/premioparana\/wp-content\/uploads\/2026\/04\/meio-abril-800.jpeg\" class=\"attachment-large size-large wp-image-1100\" alt=\"\" srcset=\"https:\/\/www.coreconpr.gov.br\/premioparana\/wp-content\/uploads\/2026\/04\/meio-abril-800.jpeg 800w, https:\/\/www.coreconpr.gov.br\/premioparana\/wp-content\/uploads\/2026\/04\/meio-abril-800-300x200.jpeg 300w, https:\/\/www.coreconpr.gov.br\/premioparana\/wp-content\/uploads\/2026\/04\/meio-abril-800-768x512.jpeg 768w, https:\/\/www.coreconpr.gov.br\/premioparana\/wp-content\/uploads\/2026\/04\/meio-abril-800-585x390.jpeg 585w, https:\/\/www.coreconpr.gov.br\/premioparana\/wp-content\/uploads\/2026\/04\/meio-abril-800-263x175.jpeg 263w\" sizes=\"(max-width: 800px) 100vw, 800px\" \/>\t\t\t\t\t\t\t\t\t\t\t\t\t\t\t<\/div>\n\t\t\t\t\t<\/div>\n\t\t<\/div>\n\t\t\t\t<div class=\"penci-ercol-50 penci-ercol-order-2 penci-sticky-ct    elementor-column elementor-col-50 elementor-top-column elementor-element elementor-element-40adf63\" data-id=\"40adf63\" data-element_type=\"column\" data-e-type=\"column\">\n\t\t\t<div class=\"elementor-widget-wrap elementor-element-populated\">\n\t\t\t\t\t\t<div class=\"elementor-element elementor-element-3d2208a elementor-widget elementor-widget-text-editor\" data-id=\"3d2208a\" data-element_type=\"widget\" data-e-type=\"widget\" data-widget_type=\"text-editor.default\">\n\t\t\t\t\t\t\t\t\t<ul style=\"font-weight: 400;\"><li><strong>Comiss\u00e3o Organizadora<\/strong><strong>\u00a0<\/strong><\/li><\/ul><p style=\"font-weight: 400;\"><strong>Coordenador:\u00a0<\/strong>Conselheiro Wilhelm Eduard Milward de Azevedo Meiners<strong>\u00a0<\/strong><\/p><p style=\"font-weight: 400;\"><strong>Membros:\u00a0<\/strong>Conselheiros Ricardo Rippel, Jos\u00e9 Maria Ramos e Gina Gulineli Paladino, e os colaboradores Amarildo de Souza Santos e Gilberto Coelho de Miranda Junior<\/p><p>\u00a0<\/p><hr \/><ul style=\"font-weight: 400;\"><li><strong>Comiss\u00e3o Julgadora<\/strong><\/li><\/ul><p style=\"font-weight: 400;\"><strong><em><u>EM BREVE<\/u><\/em><\/strong><\/p>\t\t\t\t\t\t\t\t<\/div>\n\t\t\t\t\t<\/div>\n\t\t<\/div>\n\t\t\t\t\t<\/div>\n\t\t<\/section>\n\t\t\t\t<\/div>\n\t\t","protected":false},"excerpt":{"rendered":"<p>PR\u00caMIO FRANCISCO MAGALH\u00c3ES DE ECONOMIA Comiss\u00f5es Comiss\u00e3o Organizadora\u00a0 Coordenador:\u00a0Conselheiro Wilhelm Eduard Milward de Azevedo Meiners\u00a0 Membros:\u00a0Conselheiros Ricardo Rippel, Jos\u00e9 Maria Ramos e Gina Gulineli Paladino, e os colaboradores Amarildo de&hellip;<\/p>\n","protected":false},"author":1,"featured_media":0,"parent":0,"menu_order":0,"comment_status":"closed","ping_status":"closed","template":"page-fullwidth.php","meta":{"_monsterinsights_skip_tracking":false,"_monsterinsights_sitenote_active":false,"_monsterinsights_sitenote_note":"","_monsterinsights_sitenote_category":0,"_lmt_disableupdate":"","_lmt_disable":"","footnotes":""},"class_list":["post-788","page","type-page","status-publish","hentry"],"aioseo_notices":[],"_links":{"self":[{"href":"https:\/\/www.coreconpr.gov.br\/premioparana\/wp-json\/wp\/v2\/pages\/788","targetHints":{"allow":["GET"]}}],"collection":[{"href":"https:\/\/www.coreconpr.gov.br\/premioparana\/wp-json\/wp\/v2\/pages"}],"about":[{"href":"https:\/\/www.coreconpr.gov.br\/premioparana\/wp-json\/wp\/v2\/types\/page"}],"author":[{"embeddable":true,"href":"https:\/\/www.coreconpr.gov.br\/premioparana\/wp-json\/wp\/v2\/users\/1"}],"replies":[{"embeddable":true,"href":"https:\/\/www.coreconpr.gov.br\/premioparana\/wp-json\/wp\/v2\/comments?post=788"}],"version-history":[{"count":20,"href":"https:\/\/www.coreconpr.gov.br\/premioparana\/wp-json\/wp\/v2\/pages\/788\/revisions"}],"predecessor-version":[{"id":1133,"href":"https:\/\/www.coreconpr.gov.br\/premioparana\/wp-json\/wp\/v2\/pages\/788\/revisions\/1133"}],"wp:attachment":[{"href":"https:\/\/www.coreconpr.gov.br\/premioparana\/wp-json\/wp\/v2\/media?parent=788"}],"curies":[{"name":"wp","href":"https:\/\/api.w.org\/{rel}","templated":true}]}}