{"id":797,"date":"2026-03-18T14:37:41","date_gmt":"2026-03-18T17:37:41","guid":{"rendered":"https:\/\/www.coreconpr.gov.br\/premioparana\/?page_id=797"},"modified":"2026-04-14T17:03:16","modified_gmt":"2026-04-14T20:03:16","slug":"inscricao","status":"publish","type":"page","link":"https:\/\/www.coreconpr.gov.br\/premioparana\/inscricao\/","title":{"rendered":"Inscri\u00e7\u00e3o"},"content":{"rendered":"\t\t<div data-elementor-type=\"wp-page\" data-elementor-id=\"797\" class=\"elementor elementor-797\">\n\t\t\t\t\t\t<section class=\"penci-section penci-dmcheck penci-elbg-activate penci-elbg-img penci-disSticky penci-structure-10 elementor-section elementor-top-section elementor-element elementor-element-e7b5a75 elementor-section-boxed elementor-section-height-default elementor-section-height-default\" data-id=\"e7b5a75\" data-element_type=\"section\" data-e-type=\"section\" data-settings=\"{&quot;background_background&quot;:&quot;classic&quot;}\">\n\t\t\t\t\t\t\t<div class=\"elementor-background-overlay\"><\/div>\n\t\t\t\t\t\t\t<div class=\"elementor-container elementor-column-gap-no\">\n\t\t\t\t\t<div class=\"penci-ercol-100 penci-ercol-order-1 penci-sticky-ct    elementor-column elementor-col-100 elementor-top-column elementor-element elementor-element-c0ba2b2\" data-id=\"c0ba2b2\" data-element_type=\"column\" data-e-type=\"column\">\n\t\t\t<div class=\"elementor-widget-wrap elementor-element-populated\">\n\t\t\t\t\t\t<div class=\"elementor-element elementor-element-6e80a331 elementor-widget elementor-widget-penci-fancy_heading\" data-id=\"6e80a331\" data-element_type=\"widget\" data-e-type=\"widget\" data-widget_type=\"penci-fancy_heading.default\">\n\t\t\t\t<div class=\"elementor-widget-container\">\n\t\t\t\t\t\t\t<div class=\"penci-fancy-heading penci-heading-text-left\">\n\t\t\t<div class=\"penci-fancy-heading-inner\">\n\t\t\t\t<div class=\"penci-heading-subtitle\">\u00a0PR\u00caMIO FRANCISCO MAGALH\u00c3ES DE ECONOMIA<\/div><h2 class=\"penci-heading-title\"><span class=\"inner-tit\">Inscri\u00e7\u00e3o<\/span><\/h2>\t\t\t<\/div>\n\t\t<\/div>\n\t\t\t\t\t\t<\/div>\n\t\t\t\t<\/div>\n\t\t\t\t\t<\/div>\n\t\t<\/div>\n\t\t\t\t\t<\/div>\n\t\t<\/section>\n\t\t\t\t<section class=\"penci-section penci-disSticky penci-structure-10 elementor-section elementor-top-section elementor-element elementor-element-1361c17 elementor-section-boxed elementor-section-height-default elementor-section-height-default\" data-id=\"1361c17\" data-element_type=\"section\" data-e-type=\"section\">\n\t\t\t\t\t\t<div class=\"elementor-container elementor-column-gap-no\">\n\t\t\t\t\t<div class=\"penci-ercol-100 penci-ercol-order-1 penci-sticky-ct    elementor-column elementor-col-100 elementor-top-column elementor-element elementor-element-2a0a143\" data-id=\"2a0a143\" data-element_type=\"column\" data-e-type=\"column\">\n\t\t\t<div class=\"elementor-widget-wrap elementor-element-populated\">\n\t\t\t\t\t\t<div class=\"elementor-element elementor-element-afd8dd1 elementor-widget elementor-widget-penci-text-block\" data-id=\"afd8dd1\" data-element_type=\"widget\" data-e-type=\"widget\" data-widget_type=\"penci-text-block.default\">\n\t\t\t\t<div class=\"elementor-widget-container\">\n\t\t\t\t\t\t\t<div class=\"penci-block-vc penci-text-editor\">\n\t\t\t\t\t\t<div class=\"penci-block_content\">\n\t\t\t\t<div class=\"elementor-text-editor elementor-clearfix post-entry entry-content\"><p style=\"font-weight: 400;\">As inscri\u00e7\u00f5es para a edi\u00e7\u00e3o atual j\u00e1 <strong>est\u00e3o abertas!<\/strong><strong>\u00a0<\/strong><\/p><p style=\"font-weight: 400;\">As inscri\u00e7\u00f5es ao <strong>36\u00ba PR\u00caMIO PARAN\u00c1 DE ECONOMIA &#8211; FRANCISCO MAGALH\u00c3ES<\/strong> dever\u00e3o ser efetuadas pelo candidato, ap\u00f3s aprova\u00e7\u00e3o das bancas de avalia\u00e7\u00e3o e com aval expresso de seu orientador, diretamente na Coordena\u00e7\u00e3o do Curso de Gradua\u00e7\u00e3o em Ci\u00eancias Econ\u00f4micas (ou \u00f3rg\u00e3o equivalente) da IES onde concluiu o curso.<\/p><p style=\"font-weight: 400;\"><strong>Quem pode participar<\/strong><strong>\u00a0<\/strong><\/p><p style=\"font-weight: 400;\">Podem participar:<\/p><ul style=\"font-weight: 400;\"><li>Estudantes de gradua\u00e7\u00e3o em Ci\u00eancias Econ\u00f4micas<\/li><li>Rec\u00e9m-formados (conforme crit\u00e9rios do edital)<\/li><li>Trabalhos desenvolvidos em institui\u00e7\u00f5es de ensino do Paran\u00e1<\/li><\/ul><p style=\"font-weight: 400;\">As\u00a0<strong>Institui\u00e7\u00f5es de Ensino Superior (IES)<\/strong>\u00a0encaminhar\u00e3o as Monografias ou TCCs inscritos ao Conselho Regional de Economia do Paran\u00e1 \u2013 CoreconPR, em arquivo eletr\u00f4nico no formato\u00a0<strong>PDF<\/strong>, identificados apenas pelo\u00a0<strong>T\u00edtulo da Monografia ou do TCC<\/strong>, pelo\u00a0<strong>Pseud\u00f4nimo do Autor<\/strong>\u00a0e pela\u00a0<strong>indica\u00e7\u00e3o da \u00e1rea tem\u00e1tica<\/strong>\u00a0em que concorrer\u00e1:\u00a0<strong>Economia Paranaense<\/strong>\u00a0ou\u00a0<strong>Economia Pura e Aplicada<\/strong>.<\/p><p style=\"font-weight: 400;\">Essas informa\u00e7\u00f5es dever\u00e3o constar de forma destacada na\u00a0<strong>Folha de Rosto.<\/strong><strong>\u00a0<\/strong><\/p><p style=\"font-weight: 400;\"><a href=\"https:\/\/www.coreconpr.gov.br\/premioparana\/wp-content\/uploads\/2026\/04\/rosto.doc\" target=\"_blank\" rel=\"noopener\">Modelo de Folha de Rosto \u2013 Monografias ou TCC<\/a><strong>\u00a0<\/strong><\/p><p style=\"font-weight: 400;\">Al\u00e9m do arquivo em formato PDF, dever\u00e3o ser encaminhados, em arquivos separados e identificados pelo\u00a0<strong>pseud\u00f4nimo do autor<\/strong>\u00a0e pela\u00a0<strong>\u00e1rea tem\u00e1tica de concorr\u00eancia<\/strong>\u00a0(Economia Paranaense ou Economia Pura e Aplicada), os seguintes documentos:<\/p><p><strong>1 .Ficha de Identifica\u00e7\u00e3o do Autor<\/strong>\u00a0contendo a identifica\u00e7\u00e3o completa do concorrente, endere\u00e7o, e-mail e telefone para contato, o pseud\u00f4nimo adotado, o nome do professor orientador e o nome da Institui\u00e7\u00e3o de Ensino a que pertence, com as\u00a0assinaturas digitais do aluno e do professor orientador<\/p><p><strong>2.Declara\u00e7\u00e3o da Institui\u00e7\u00e3o de Ensino Superior<\/strong>\u00a0que comprove a aprova\u00e7\u00e3o da Monografia ou TCC\u00a0<strong>no ano corrente de 2025<\/strong>;<\/p><p><strong>3.C\u00f3pias do CPF e do RG do candidato<\/strong>, ou de outro documento oficial de identifica\u00e7\u00e3o;<\/p><p><strong>4.C\u00f3pia do Diploma<\/strong>, ou\u00a0<strong>Declara\u00e7\u00e3o Oficial de Conclus\u00e3o<\/strong>\u00a0do Curso de Gradua\u00e7\u00e3o em Ci\u00eancias Econ\u00f4micas, expedida pela IES.<\/p><p><a href=\"https:\/\/www.coreconpr.gov.br\/premioparana\/wp-content\/uploads\/2026\/04\/inscricao.doc\" target=\"_blank\" rel=\"noopener\">Ficha de Identifica\u00e7\u00e3o do Autor<\/a><\/p><p style=\"font-weight: 400;\"><strong>\u00a0<\/strong>Todos os documentos dever\u00e3o ser encaminhados\u00a0<strong>em arquivos eletr\u00f4nicos separados<\/strong>, por meio eletr\u00f4nico, para o seguinte e-mail:\u00a0<strong><a href=\"mailto:premiopr@coreconpr.gov.br\">premiopr@coreconpr.gov.br<\/a>\u00a0<\/strong>.<\/p><p style=\"font-weight: 400;\">O\u00a0<strong>pseud\u00f4nimo utilizado n\u00e3o deve fazer refer\u00eancia ao nome do autor, \u00e0 Institui\u00e7\u00e3o de Ensino ou a caracter\u00edsticas pessoais<\/strong>, de modo a evitar qualquer possibilidade de identifica\u00e7\u00e3o.<\/p><p>As monografias dever\u00e3o ser submetidas de forma totalmente <strong>desidentificada, n\u00e3o podendo conter qualquer elemento que permita a identifica\u00e7\u00e3o do(a) autor(a), incluindo nome, institui\u00e7\u00e3o de ensino superior, agradecimentos ou outras refer\u00eancias pessoais<\/strong>, conforme disposto no Regulamento do Pr\u00eamio.<strong>\u00a0<\/strong><\/p><p style=\"font-weight: 400;\"><strong>\u00a0Fique atento aos prazos e requisitos descritos no edital.<\/strong><\/p><p style=\"font-weight: 400;\">O prazo final de inscri\u00e7\u00f5es e envio ao Conselho Regional de Economia, por meio exclusivamente eletr\u00f4nico,\u00a0<strong>ser\u00e1 at\u00e9 \u00e0s 23 horas e 59 minutos do dia 13 de agosto de 2026.<\/strong><\/p><p style=\"font-weight: 400;\">\u00a0<strong>Garanta sua participa\u00e7\u00e3o e destaque seu trabalho!<\/strong><\/p><\/div>\n\t\t\t<\/div>\n\t\t<\/div>\n\t\t\t\t\t\t<\/div>\n\t\t\t\t<\/div>\n\t\t\t\t\t<\/div>\n\t\t<\/div>\n\t\t\t\t\t<\/div>\n\t\t<\/section>\n\t\t\t\t<\/div>\n\t\t","protected":false},"excerpt":{"rendered":"<p>\u00a0PR\u00caMIO FRANCISCO MAGALH\u00c3ES DE ECONOMIA Inscri\u00e7\u00e3o As inscri\u00e7\u00f5es para a edi\u00e7\u00e3o atual j\u00e1 est\u00e3o abertas!\u00a0 As inscri\u00e7\u00f5es ao 36\u00ba PR\u00caMIO PARAN\u00c1 DE ECONOMIA &#8211; FRANCISCO MAGALH\u00c3ES dever\u00e3o ser efetuadas pelo&hellip;<\/p>\n","protected":false},"author":1,"featured_media":0,"parent":0,"menu_order":0,"comment_status":"closed","ping_status":"closed","template":"page-fullwidth.php","meta":{"_monsterinsights_skip_tracking":false,"_monsterinsights_sitenote_active":false,"_monsterinsights_sitenote_note":"","_monsterinsights_sitenote_category":0,"_lmt_disableupdate":"","_lmt_disable":"","footnotes":""},"class_list":["post-797","page","type-page","status-publish","hentry"],"aioseo_notices":[],"_links":{"self":[{"href":"https:\/\/www.coreconpr.gov.br\/premioparana\/wp-json\/wp\/v2\/pages\/797","targetHints":{"allow":["GET"]}}],"collection":[{"href":"https:\/\/www.coreconpr.gov.br\/premioparana\/wp-json\/wp\/v2\/pages"}],"about":[{"href":"https:\/\/www.coreconpr.gov.br\/premioparana\/wp-json\/wp\/v2\/types\/page"}],"author":[{"embeddable":true,"href":"https:\/\/www.coreconpr.gov.br\/premioparana\/wp-json\/wp\/v2\/users\/1"}],"replies":[{"embeddable":true,"href":"https:\/\/www.coreconpr.gov.br\/premioparana\/wp-json\/wp\/v2\/comments?post=797"}],"version-history":[{"count":82,"href":"https:\/\/www.coreconpr.gov.br\/premioparana\/wp-json\/wp\/v2\/pages\/797\/revisions"}],"predecessor-version":[{"id":1418,"href":"https:\/\/www.coreconpr.gov.br\/premioparana\/wp-json\/wp\/v2\/pages\/797\/revisions\/1418"}],"wp:attachment":[{"href":"https:\/\/www.coreconpr.gov.br\/premioparana\/wp-json\/wp\/v2\/media?parent=797"}],"curies":[{"name":"wp","href":"https:\/\/api.w.org\/{rel}","templated":true}]}}